{"id":1070,"date":"2020-09-01T14:31:20","date_gmt":"2020-09-01T12:31:20","guid":{"rendered":"https:\/\/efcspain.com\/safe-working-place\/"},"modified":"2022-07-04T13:00:30","modified_gmt":"2022-07-04T11:00:30","slug":"safe-working-place","status":"publish","type":"page","link":"https:\/\/efcspain.com\/en\/safe-working-place\/","title":{"rendered":"Safe Working Place"},"content":{"rendered":"\t\t<div data-elementor-type=\"wp-page\" data-elementor-id=\"1070\" class=\"elementor elementor-1070 elementor-530\">\n\t\t\t\t\t\t\t\t\t<section class=\"elementor-section elementor-top-section elementor-element elementor-element-1e989d8 elementor-section-full_width elementor-section-height-min-height elementor-section-height-default elementor-section-items-middle\" data-id=\"1e989d8\" data-element_type=\"section\" data-settings=\"{&quot;background_background&quot;:&quot;classic&quot;}\">\n\t\t\t\t\t\t\t<div class=\"elementor-background-overlay\"><\/div>\n\t\t\t\t\t\t\t<div class=\"elementor-container elementor-column-gap-default\">\n\t\t\t\t\t<div class=\"elementor-column elementor-col-100 elementor-top-column elementor-element elementor-element-02b425d\" data-id=\"02b425d\" data-element_type=\"column\">\n\t\t\t<div class=\"elementor-widget-wrap elementor-element-populated\">\n\t\t\t\t\t\t\t\t<div class=\"elementor-element elementor-element-b160b87 elementor-widget elementor-widget-heading\" data-id=\"b160b87\" data-element_type=\"widget\" data-widget_type=\"heading.default\">\n\t\t\t\t<div class=\"elementor-widget-container\">\n\t\t\t<h1 class=\"elementor-heading-title elementor-size-default\">Seguridad en el centro de trabajo<\/h1>\t\t<\/div>\n\t\t\t\t<\/div>\n\t\t\t\t<div class=\"elementor-element elementor-element-ed85c79 elementor-widget elementor-widget-text-editor\" data-id=\"ed85c79\" data-element_type=\"widget\" data-widget_type=\"text-editor.default\">\n\t\t\t\t<div class=\"elementor-widget-container\">\n\t\t\t\t\t\t\t<p>Safe Working Place\u2122<\/p>\t\t\t\t\t\t<\/div>\n\t\t\t\t<\/div>\n\t\t\t\t\t<\/div>\n\t\t<\/div>\n\t\t\t\t\t\t\t<\/div>\n\t\t<\/section>\n\t\t\t\t<section class=\"elementor-section elementor-top-section elementor-element elementor-element-d3a9256 elementor-section-boxed elementor-section-height-default elementor-section-height-default\" data-id=\"d3a9256\" data-element_type=\"section\">\n\t\t\t\t\t\t<div class=\"elementor-container elementor-column-gap-default\">\n\t\t\t\t\t<div class=\"elementor-column elementor-col-100 elementor-top-column elementor-element elementor-element-914a665\" data-id=\"914a665\" data-element_type=\"column\">\n\t\t\t<div class=\"elementor-widget-wrap elementor-element-populated\">\n\t\t\t\t\t\t\t\t<div class=\"elementor-element elementor-element-744fd86 elementor-widget elementor-widget-heading\" data-id=\"744fd86\" data-element_type=\"widget\" data-widget_type=\"heading.default\">\n\t\t\t\t<div class=\"elementor-widget-container\">\n\t\t\t<h2 class=\"elementor-heading-title elementor-size-default\">Porque nos preocupa la seguridad en el centro de trabajo<\/h2>\t\t<\/div>\n\t\t\t\t<\/div>\n\t\t\t\t\t<\/div>\n\t\t<\/div>\n\t\t\t\t\t\t\t<\/div>\n\t\t<\/section>\n\t\t\t\t<section class=\"elementor-section elementor-top-section elementor-element elementor-element-c87ac54 elementor-section-boxed elementor-section-height-default elementor-section-height-default\" data-id=\"c87ac54\" data-element_type=\"section\">\n\t\t\t\t\t\t<div class=\"elementor-container elementor-column-gap-default\">\n\t\t\t\t\t<div class=\"elementor-column elementor-col-100 elementor-top-column elementor-element elementor-element-6881b09\" data-id=\"6881b09\" data-element_type=\"column\">\n\t\t\t<div class=\"elementor-widget-wrap elementor-element-populated\">\n\t\t\t\t\t\t\t\t<div class=\"elementor-element elementor-element-0166074 bullettxt elementor-widget elementor-widget-text-editor\" data-id=\"0166074\" data-element_type=\"widget\" data-widget_type=\"text-editor.default\">\n\t\t\t\t<div class=\"elementor-widget-container\">\n\t\t\t\t\t\t\t<p>Con la certificaci\u00f3n de seguridad y salud en espacios de trabajo SWP<span style=\"font-size: 1rem;\">\u2122<\/span><span style=\"font-size: 1rem;\">, a trav\u00e9s de indicadores OMS, reconocemos los centros de trabajo de nuestros clientes tras un an\u00e1lisis e identificamos los riesgos laborales y de salud particulares e inherentes a cada compa\u00f1\u00eda y puesto de trabajo.&nbsp;<\/span><\/p>\n<p><span style=\"font-size: 1rem;\">Garantizamos el cumplimiento de las medidas m\u00e1s adecuadas en prevenci\u00f3n de riesgos y salud, adaptado a todo tipo de centro y actividad productiva, desde una oficina de coworking hasta un taller de fabricaci\u00f3n.<\/span><\/p>\n<p><span style=\"font-size: 1rem;\">La obtenci\u00f3n del certificado de seguridad en el trabajo SWP\u2122 implica que no existan riesgos que perjudiquen la salud de los trabajadores, y gracias a nuestro equipo consultor, dise\u00f1amos los est\u00e1ndares m\u00e1s efectivos de identificaci\u00f3n y control de los riesgos asociados existentes en cada centro de trabajo.<\/span><\/p>\n<p><span style=\"font-size: 1rem;\">Aportamos un valor referencial en el cumplimiento de acciones sostenibles en el centro de trabajo y para la concienciaci\u00f3n de todos los miembros.<\/span><\/p>\n<p><span style=\"font-size: 1rem;\">Tratamos de fomentar, regular y hacer cumplir la salud, seguridad y bienestar en el lugar de trabajo, focalizado en:<\/span><\/p>\n<ul>\n<li>La seguridad ocupacional, protegiendo la salud f\u00edsica, mental y emocional de los empleados.<\/li>\n<li>Medio ambiente, protegiendo los recursos naturales empleados en la actividad de la compa\u00f1\u00eda.<\/li>\n<li>Seguridad industrial, protegiendo de los peligros que puedan ocasionar un da\u00f1o f\u00edsico.<\/li>\n<\/ul>\t\t\t\t\t\t<\/div>\n\t\t\t\t<\/div>\n\t\t\t\t<div class=\"elementor-element elementor-element-e76fec8 elementor-widget elementor-widget-image\" data-id=\"e76fec8\" data-element_type=\"widget\" data-widget_type=\"image.default\">\n\t\t\t\t<div class=\"elementor-widget-container\">\n\t\t\t\t\t\t\t\t\t\t\t\t\t\t\t<img width=\"640\" height=\"191\" src=\"https:\/\/efcspain.com\/wp-content\/uploads\/2022\/05\/SWP-LOGOS-1024x305.png\" class=\"attachment-large size-large wp-image-1732\" alt=\"\" loading=\"lazy\" srcset=\"https:\/\/efcspain.com\/wp-content\/uploads\/2022\/05\/SWP-LOGOS-1024x305.png 1024w, https:\/\/efcspain.com\/wp-content\/uploads\/2022\/05\/SWP-LOGOS-300x89.png 300w, https:\/\/efcspain.com\/wp-content\/uploads\/2022\/05\/SWP-LOGOS-768x229.png 768w, https:\/\/efcspain.com\/wp-content\/uploads\/2022\/05\/SWP-LOGOS-1536x458.png 1536w, https:\/\/efcspain.com\/wp-content\/uploads\/2022\/05\/SWP-LOGOS.png 1910w\" sizes=\"(max-width: 640px) 100vw, 640px\" \/>\t\t\t\t\t\t\t\t\t\t\t\t\t\t\t<\/div>\n\t\t\t\t<\/div>\n\t\t\t\t\t<\/div>\n\t\t<\/div>\n\t\t\t\t\t\t\t<\/div>\n\t\t<\/section>\n\t\t\t\t<section class=\"elementor-section elementor-top-section elementor-element elementor-element-c8ea4f8 elementor-section-boxed elementor-section-height-default elementor-section-height-default\" data-id=\"c8ea4f8\" data-element_type=\"section\">\n\t\t\t\t\t\t<div class=\"elementor-container elementor-column-gap-default\">\n\t\t\t\t\t<div class=\"elementor-column elementor-col-100 elementor-top-column elementor-element elementor-element-b5d7998\" data-id=\"b5d7998\" data-element_type=\"column\">\n\t\t\t<div class=\"elementor-widget-wrap elementor-element-populated\">\n\t\t\t\t\t\t\t\t<div class=\"elementor-element elementor-element-a7e0dc1 elementor-widget elementor-widget-heading\" data-id=\"a7e0dc1\" data-element_type=\"widget\" data-widget_type=\"heading.default\">\n\t\t\t\t<div class=\"elementor-widget-container\">\n\t\t\t<h2 class=\"elementor-heading-title elementor-size-default\">Beneficios para la compa\u00f1\u00eda<\/h2>\t\t<\/div>\n\t\t\t\t<\/div>\n\t\t\t\t\t<\/div>\n\t\t<\/div>\n\t\t\t\t\t\t\t<\/div>\n\t\t<\/section>\n\t\t\t\t<section class=\"elementor-section elementor-top-section elementor-element elementor-element-19e7526 elementor-section-height-min-height elementor-section-boxed elementor-section-height-default elementor-section-items-middle\" data-id=\"19e7526\" data-element_type=\"section\" data-settings=\"{&quot;background_background&quot;:&quot;classic&quot;}\">\n\t\t\t\t\t\t<div class=\"elementor-container elementor-column-gap-default\">\n\t\t\t\t\t<div class=\"elementor-column elementor-col-100 elementor-top-column elementor-element elementor-element-58685c7\" data-id=\"58685c7\" data-element_type=\"column\">\n\t\t\t<div class=\"elementor-widget-wrap elementor-element-populated\">\n\t\t\t\t\t\t\t\t<section class=\"elementor-section elementor-inner-section elementor-element elementor-element-884e6a2 elementor-section-boxed elementor-section-height-default elementor-section-height-default\" data-id=\"884e6a2\" data-element_type=\"section\" data-settings=\"{&quot;background_background&quot;:&quot;classic&quot;}\">\n\t\t\t\t\t\t<div class=\"elementor-container elementor-column-gap-default\">\n\t\t\t\t\t<div class=\"elementor-column elementor-col-50 elementor-inner-column elementor-element elementor-element-0f1c222 columncert\" data-id=\"0f1c222\" data-element_type=\"column\" data-settings=\"{&quot;background_background&quot;:&quot;classic&quot;}\">\n\t\t\t<div class=\"elementor-widget-wrap elementor-element-populated\">\n\t\t\t\t\t<div class=\"elementor-background-overlay\"><\/div>\n\t\t\t\t\t\t\t\t<div class=\"elementor-element elementor-element-fda34bd elementor-widget elementor-widget-heading\" data-id=\"fda34bd\" data-element_type=\"widget\" data-widget_type=\"heading.default\">\n\t\t\t\t<div class=\"elementor-widget-container\">\n\t\t\t<h2 class=\"elementor-heading-title elementor-size-default\">Internos<\/h2>\t\t<\/div>\n\t\t\t\t<\/div>\n\t\t\t\t<div class=\"elementor-element elementor-element-c01a4b7 bullettxt elementor-widget elementor-widget-text-editor\" data-id=\"c01a4b7\" data-element_type=\"widget\" data-widget_type=\"text-editor.default\">\n\t\t\t\t<div class=\"elementor-widget-container\">\n\t\t\t\t\t\t\t<ul><li>Aumento de la confianza y eficiencia de los empleados.<\/li><li>Ahorro de recursos y esfuerzos.<\/li><li>Reducci\u00f3n de los costes por accidentes laborales.<\/li><li>Optimizaci\u00f3n gesti\u00f3n de incidencias y accidentes<\/li><\/ul>\t\t\t\t\t\t<\/div>\n\t\t\t\t<\/div>\n\t\t\t\t\t<\/div>\n\t\t<\/div>\n\t\t\t\t<div class=\"elementor-column elementor-col-50 elementor-inner-column elementor-element elementor-element-0cfe2e9 columncert\" data-id=\"0cfe2e9\" data-element_type=\"column\" data-settings=\"{&quot;background_background&quot;:&quot;classic&quot;}\">\n\t\t\t<div class=\"elementor-widget-wrap elementor-element-populated\">\n\t\t\t\t\t<div class=\"elementor-background-overlay\"><\/div>\n\t\t\t\t\t\t\t\t<div class=\"elementor-element elementor-element-a40b95b elementor-widget elementor-widget-heading\" data-id=\"a40b95b\" data-element_type=\"widget\" data-widget_type=\"heading.default\">\n\t\t\t\t<div class=\"elementor-widget-container\">\n\t\t\t<h2 class=\"elementor-heading-title elementor-size-default\">Externos<\/h2>\t\t<\/div>\n\t\t\t\t<\/div>\n\t\t\t\t<div class=\"elementor-element elementor-element-58cc349 bullettxt elementor-widget elementor-widget-text-editor\" data-id=\"58cc349\" data-element_type=\"widget\" data-widget_type=\"text-editor.default\">\n\t\t\t\t<div class=\"elementor-widget-container\">\n\t\t\t\t\t\t\t<ul><li>Mayor competitividad.<\/li><li>Mejoras en la calidad de los productos y servicios.<\/li><li>Aumento de la confianza de los clientes.<\/li><li>Posicionamiento de la empresa.<\/li><\/ul>\t\t\t\t\t\t<\/div>\n\t\t\t\t<\/div>\n\t\t\t\t\t<\/div>\n\t\t<\/div>\n\t\t\t\t\t\t\t<\/div>\n\t\t<\/section>\n\t\t\t\t\t<\/div>\n\t\t<\/div>\n\t\t\t\t\t\t\t<\/div>\n\t\t<\/section>\n\t\t\t\t\t\t\t<\/div>\n\t\t","protected":false},"excerpt":{"rendered":"<p>Seguridad en el centro de trabajo Safe Working Place\u2122 Porque nos preocupa la seguridad en el centro de trabajo Con la certificaci\u00f3n de seguridad y salud en espacios de trabajo SWP\u2122, a trav\u00e9s de indicadores OMS, reconocemos los centros de trabajo de nuestros clientes tras un an\u00e1lisis e identificamos los riesgos laborales y de salud [&hellip;]<\/p>\n","protected":false},"author":1,"featured_media":0,"parent":0,"menu_order":0,"comment_status":"closed","ping_status":"closed","template":"elementor_header_footer","meta":[],"yoast_head":"<!-- This site is optimized with the Yoast SEO plugin v19.13 - https:\/\/yoast.com\/wordpress\/plugins\/seo\/ -->\n<title>Certificado de Lugar de Trabajo Seguro - Safe Working Place\u2122<\/title>\n<meta name=\"description\" content=\"Certificado de seguridad y salud en el trabajo, Safe Working Place - Reconocimiento de centros de trabajo seguros y saludables.\" \/>\n<meta name=\"robots\" content=\"index, follow, max-snippet:-1, max-image-preview:large, max-video-preview:-1\" \/>\n<link rel=\"canonical\" href=\"https:\/\/efcspain.com\/en\/safe-working-place\/\" \/>\n<meta property=\"og:locale\" content=\"en_US\" \/>\n<meta property=\"og:type\" content=\"article\" \/>\n<meta property=\"og:title\" content=\"Certificado de Lugar de Trabajo Seguro - Safe Working Place\u2122\" \/>\n<meta property=\"og:description\" content=\"Certificado de seguridad y salud en el trabajo, Safe Working Place - Reconocimiento de centros de trabajo seguros y saludables.\" \/>\n<meta property=\"og:url\" content=\"https:\/\/efcspain.com\/en\/safe-working-place\/\" \/>\n<meta property=\"og:site_name\" content=\"EFC\" \/>\n<meta property=\"article:modified_time\" content=\"2022-07-04T11:00:30+00:00\" \/>\n<meta property=\"og:image\" content=\"https:\/\/efcspain.com\/wp-content\/uploads\/2022\/05\/SWP-LOGOS-1024x305.png\" \/>\n<meta name=\"twitter:card\" content=\"summary_large_image\" \/>\n<meta name=\"twitter:label1\" content=\"Est. reading time\" \/>\n\t<meta name=\"twitter:data1\" content=\"2 minutes\" \/>\n<script type=\"application\/ld+json\" class=\"yoast-schema-graph\">{\"@context\":\"https:\/\/schema.org\",\"@graph\":[{\"@type\":\"WebPage\",\"@id\":\"https:\/\/efcspain.com\/en\/safe-working-place\/\",\"url\":\"https:\/\/efcspain.com\/en\/safe-working-place\/\",\"name\":\"Certificado de Lugar de Trabajo Seguro - Safe Working Place\u2122\",\"isPartOf\":{\"@id\":\"https:\/\/efcspain.com\/#website\"},\"datePublished\":\"2020-09-01T12:31:20+00:00\",\"dateModified\":\"2022-07-04T11:00:30+00:00\",\"description\":\"Certificado de seguridad y salud en el trabajo, Safe Working Place - Reconocimiento de centros de trabajo seguros y saludables.\",\"breadcrumb\":{\"@id\":\"https:\/\/efcspain.com\/en\/safe-working-place\/#breadcrumb\"},\"inLanguage\":\"en-US\",\"potentialAction\":[{\"@type\":\"ReadAction\",\"target\":[\"https:\/\/efcspain.com\/en\/safe-working-place\/\"]}]},{\"@type\":\"BreadcrumbList\",\"@id\":\"https:\/\/efcspain.com\/en\/safe-working-place\/#breadcrumb\",\"itemListElement\":[{\"@type\":\"ListItem\",\"position\":1,\"name\":\"Portada\",\"item\":\"https:\/\/efcspain.com\/en\/\"},{\"@type\":\"ListItem\",\"position\":2,\"name\":\"Safe Working Place\"}]},{\"@type\":\"WebSite\",\"@id\":\"https:\/\/efcspain.com\/#website\",\"url\":\"https:\/\/efcspain.com\/\",\"name\":\"EFC\",\"description\":\"Certificaci\u00f3n Din\u00e1mica\",\"publisher\":{\"@id\":\"https:\/\/efcspain.com\/#organization\"},\"potentialAction\":[{\"@type\":\"SearchAction\",\"target\":{\"@type\":\"EntryPoint\",\"urlTemplate\":\"https:\/\/efcspain.com\/?s={search_term_string}\"},\"query-input\":\"required name=search_term_string\"}],\"inLanguage\":\"en-US\"},{\"@type\":\"Organization\",\"@id\":\"https:\/\/efcspain.com\/#organization\",\"name\":\"EFC\",\"url\":\"https:\/\/efcspain.com\/\",\"logo\":{\"@type\":\"ImageObject\",\"inLanguage\":\"en-US\",\"@id\":\"https:\/\/efcspain.com\/#\/schema\/logo\/image\/\",\"url\":\"https:\/\/efcspain.com\/wp-content\/uploads\/2020\/08\/logo-efc-marco.png\",\"contentUrl\":\"https:\/\/efcspain.com\/wp-content\/uploads\/2020\/08\/logo-efc-marco.png\",\"width\":657,\"height\":320,\"caption\":\"EFC\"},\"image\":{\"@id\":\"https:\/\/efcspain.com\/#\/schema\/logo\/image\/\"}}]}<\/script>\n<!-- \/ Yoast SEO plugin. -->","yoast_head_json":{"title":"Certificado de Lugar de Trabajo Seguro - Safe Working Place\u2122","description":"Certificado de seguridad y salud en el trabajo, Safe Working Place - Reconocimiento de centros de trabajo seguros y saludables.","robots":{"index":"index","follow":"follow","max-snippet":"max-snippet:-1","max-image-preview":"max-image-preview:large","max-video-preview":"max-video-preview:-1"},"canonical":"https:\/\/efcspain.com\/en\/safe-working-place\/","og_locale":"en_US","og_type":"article","og_title":"Certificado de Lugar de Trabajo Seguro - Safe Working Place\u2122","og_description":"Certificado de seguridad y salud en el trabajo, Safe Working Place - Reconocimiento de centros de trabajo seguros y saludables.","og_url":"https:\/\/efcspain.com\/en\/safe-working-place\/","og_site_name":"EFC","article_modified_time":"2022-07-04T11:00:30+00:00","og_image":[{"url":"https:\/\/efcspain.com\/wp-content\/uploads\/2022\/05\/SWP-LOGOS-1024x305.png"}],"twitter_card":"summary_large_image","twitter_misc":{"Est. reading time":"2 minutes"},"schema":{"@context":"https:\/\/schema.org","@graph":[{"@type":"WebPage","@id":"https:\/\/efcspain.com\/en\/safe-working-place\/","url":"https:\/\/efcspain.com\/en\/safe-working-place\/","name":"Certificado de Lugar de Trabajo Seguro - Safe Working Place\u2122","isPartOf":{"@id":"https:\/\/efcspain.com\/#website"},"datePublished":"2020-09-01T12:31:20+00:00","dateModified":"2022-07-04T11:00:30+00:00","description":"Certificado de seguridad y salud en el trabajo, Safe Working Place - Reconocimiento de centros de trabajo seguros y saludables.","breadcrumb":{"@id":"https:\/\/efcspain.com\/en\/safe-working-place\/#breadcrumb"},"inLanguage":"en-US","potentialAction":[{"@type":"ReadAction","target":["https:\/\/efcspain.com\/en\/safe-working-place\/"]}]},{"@type":"BreadcrumbList","@id":"https:\/\/efcspain.com\/en\/safe-working-place\/#breadcrumb","itemListElement":[{"@type":"ListItem","position":1,"name":"Portada","item":"https:\/\/efcspain.com\/en\/"},{"@type":"ListItem","position":2,"name":"Safe Working Place"}]},{"@type":"WebSite","@id":"https:\/\/efcspain.com\/#website","url":"https:\/\/efcspain.com\/","name":"EFC","description":"Certificaci\u00f3n Din\u00e1mica","publisher":{"@id":"https:\/\/efcspain.com\/#organization"},"potentialAction":[{"@type":"SearchAction","target":{"@type":"EntryPoint","urlTemplate":"https:\/\/efcspain.com\/?s={search_term_string}"},"query-input":"required name=search_term_string"}],"inLanguage":"en-US"},{"@type":"Organization","@id":"https:\/\/efcspain.com\/#organization","name":"EFC","url":"https:\/\/efcspain.com\/","logo":{"@type":"ImageObject","inLanguage":"en-US","@id":"https:\/\/efcspain.com\/#\/schema\/logo\/image\/","url":"https:\/\/efcspain.com\/wp-content\/uploads\/2020\/08\/logo-efc-marco.png","contentUrl":"https:\/\/efcspain.com\/wp-content\/uploads\/2020\/08\/logo-efc-marco.png","width":657,"height":320,"caption":"EFC"},"image":{"@id":"https:\/\/efcspain.com\/#\/schema\/logo\/image\/"}}]}},"_links":{"self":[{"href":"https:\/\/efcspain.com\/en\/wp-json\/wp\/v2\/pages\/1070"}],"collection":[{"href":"https:\/\/efcspain.com\/en\/wp-json\/wp\/v2\/pages"}],"about":[{"href":"https:\/\/efcspain.com\/en\/wp-json\/wp\/v2\/types\/page"}],"author":[{"embeddable":true,"href":"https:\/\/efcspain.com\/en\/wp-json\/wp\/v2\/users\/1"}],"replies":[{"embeddable":true,"href":"https:\/\/efcspain.com\/en\/wp-json\/wp\/v2\/comments?post=1070"}],"version-history":[{"count":23,"href":"https:\/\/efcspain.com\/en\/wp-json\/wp\/v2\/pages\/1070\/revisions"}],"predecessor-version":[{"id":1932,"href":"https:\/\/efcspain.com\/en\/wp-json\/wp\/v2\/pages\/1070\/revisions\/1932"}],"wp:attachment":[{"href":"https:\/\/efcspain.com\/en\/wp-json\/wp\/v2\/media?parent=1070"}],"curies":[{"name":"wp","href":"https:\/\/api.w.org\/{rel}","templated":true}]}}